{"id":14,"date":"2024-06-14T09:45:00","date_gmt":"2024-06-14T07:45:00","guid":{"rendered":"http:\/\/www.esig-djibouti.com\/?page_id=14"},"modified":"2024-06-14T14:05:56","modified_gmt":"2024-06-14T12:05:56","slug":"admission","status":"publish","type":"page","link":"https:\/\/www.esig-djibouti.com\/index.php\/programme\/admission\/","title":{"rendered":"ADMISSION"},"content":{"rendered":"\t\t<div data-elementor-type=\"wp-page\" data-elementor-id=\"14\" class=\"elementor elementor-14\">\n\t\t\t\t\t\t<section class=\"elementor-section elementor-top-section elementor-element elementor-element-2b8f089 elementor-section-full_width elementor-section-height-min-height elementor-section-height-default elementor-section-items-middle\" data-id=\"2b8f089\" data-element_type=\"section\" data-settings=\"{&quot;background_background&quot;:&quot;classic&quot;}\">\n\t\t\t\t\t\t<div class=\"elementor-container elementor-column-gap-no\">\n\t\t\t\t\t<div class=\"elementor-column elementor-col-100 elementor-top-column elementor-element elementor-element-f7f673f\" data-id=\"f7f673f\" data-element_type=\"column\">\n\t\t\t<div class=\"elementor-widget-wrap elementor-element-populated\">\n\t\t\t\t\t\t<div class=\"elementor-element elementor-element-09ed8bc elementor-widget elementor-widget-heading\" data-id=\"09ed8bc\" data-element_type=\"widget\" data-widget_type=\"heading.default\">\n\t\t\t\t<div class=\"elementor-widget-container\">\n\t\t\t<style>\/*! elementor - v3.21.0 - 26-05-2024 *\/\n.elementor-heading-title{padding:0;margin:0;line-height:1}.elementor-widget-heading .elementor-heading-title[class*=elementor-size-]>a{color:inherit;font-size:inherit;line-height:inherit}.elementor-widget-heading .elementor-heading-title.elementor-size-small{font-size:15px}.elementor-widget-heading .elementor-heading-title.elementor-size-medium{font-size:19px}.elementor-widget-heading .elementor-heading-title.elementor-size-large{font-size:29px}.elementor-widget-heading .elementor-heading-title.elementor-size-xl{font-size:39px}.elementor-widget-heading .elementor-heading-title.elementor-size-xxl{font-size:59px}<\/style><h2 class=\"elementor-heading-title elementor-size-default\">Admission<\/h2>\t\t<\/div>\n\t\t\t\t<\/div>\n\t\t\t\t\t<\/div>\n\t\t<\/div>\n\t\t\t\t\t<\/div>\n\t\t<\/section>\n\t\t\t\t<section class=\"elementor-section elementor-top-section elementor-element elementor-element-7218e44 elementor-section-full_width elementor-section-height-default elementor-section-height-default\" data-id=\"7218e44\" data-element_type=\"section\">\n\t\t\t\t\t\t<div class=\"elementor-container elementor-column-gap-no\">\n\t\t\t\t\t<div class=\"elementor-column elementor-col-100 elementor-top-column elementor-element elementor-element-c050403\" data-id=\"c050403\" data-element_type=\"column\">\n\t\t\t<div class=\"elementor-widget-wrap elementor-element-populated\">\n\t\t\t\t\t\t<div class=\"elementor-element elementor-element-7a1ce0c elementor-widget elementor-widget-heading\" data-id=\"7a1ce0c\" data-element_type=\"widget\" data-widget_type=\"heading.default\">\n\t\t\t\t<div class=\"elementor-widget-container\">\n\t\t\t<h2 class=\"elementor-heading-title elementor-size-default\">Pr\u00e9parer son admission<\/h2>\t\t<\/div>\n\t\t\t\t<\/div>\n\t\t\t\t<div class=\"elementor-element elementor-element-8c43e86 elementor-widget elementor-widget-text-editor\" data-id=\"8c43e86\" data-element_type=\"widget\" data-widget_type=\"text-editor.default\">\n\t\t\t\t<div class=\"elementor-widget-container\">\n\t\t\t<style>\/*! elementor - v3.21.0 - 26-05-2024 *\/\n.elementor-widget-text-editor.elementor-drop-cap-view-stacked .elementor-drop-cap{background-color:#69727d;color:#fff}.elementor-widget-text-editor.elementor-drop-cap-view-framed .elementor-drop-cap{color:#69727d;border:3px solid;background-color:transparent}.elementor-widget-text-editor:not(.elementor-drop-cap-view-default) .elementor-drop-cap{margin-top:8px}.elementor-widget-text-editor:not(.elementor-drop-cap-view-default) .elementor-drop-cap-letter{width:1em;height:1em}.elementor-widget-text-editor .elementor-drop-cap{float:left;text-align:center;line-height:1;font-size:50px}.elementor-widget-text-editor .elementor-drop-cap-letter{display:inline-block}<\/style>\t\t\t\t<p>Rejoindre l&#8217;ESIG, c&#8217;est faire le choix d&#8217;un parcours qui s&#8217;appuie sur la personnalit\u00e9 et l&#8217;audace de chacun des \u00e9tudiants.<\/p><p>\u2022 Pi\u00e8ce d&#8217;identit\u00e9<br \/>\u2022 2 photos d&#8217;identit\u00e9s r\u00e9centes<br \/>\u2022 Photocopies l\u00e9galis\u00e9es du dipl\u00f4me et relev\u00e9s des notes<br \/>\u2022 Formulaire d&#8217;inscription remplie et sign\u00e9 (\u00e0 r\u00e9cup\u00e9rer au secr\u00e9tariat de l&#8217;\u00e9cole)<\/p><p>Tout \u00e9tudiants inscrit \u00e0 l&#8217;ESIG l&#8217;est \u00e9galement \u00e0 l&#8217;EMD qui, se chargera de fournir une attestation d&#8217;inscription. Une fois l&#8217;ann\u00e9e scolaire entam\u00e9, l&#8217;EMD nous envoie tous les documents n\u00e9cessaires et p\u00e9dagogique \u00e0 savoir:<\/p><p><b>\u2022 <\/b>Les supports cours<br \/><b>\u2022 <\/b>Les supports TD et TP<br \/><b>\u2022 <\/b>Les examens<br \/><b>\u2022 <\/b>L&#8217;attestation de r\u00e9ussite<br \/><b>\u2022 <\/b>Les relev\u00e9s des notes<\/p>\t\t\t\t\t\t<\/div>\n\t\t\t\t<\/div>\n\t\t\t\t\t<\/div>\n\t\t<\/div>\n\t\t\t\t\t<\/div>\n\t\t<\/section>\n\t\t\t\t<section class=\"elementor-section elementor-top-section elementor-element elementor-element-29a40cc elementor-section-full_width elementor-section-height-default elementor-section-height-default\" data-id=\"29a40cc\" data-element_type=\"section\">\n\t\t\t\t\t\t<div class=\"elementor-container elementor-column-gap-no\">\n\t\t\t\t\t<div class=\"elementor-column elementor-col-100 elementor-top-column elementor-element elementor-element-dc04437\" data-id=\"dc04437\" data-element_type=\"column\">\n\t\t\t<div class=\"elementor-widget-wrap elementor-element-populated\">\n\t\t\t\t\t\t<div class=\"elementor-element elementor-element-0358775 elementor-widget elementor-widget-heading\" data-id=\"0358775\" data-element_type=\"widget\" data-widget_type=\"heading.default\">\n\t\t\t\t<div class=\"elementor-widget-container\">\n\t\t\t<h2 class=\"elementor-heading-title elementor-size-default\">D\u00e9roulement des cours<\/h2>\t\t<\/div>\n\t\t\t\t<\/div>\n\t\t\t\t<div class=\"elementor-element elementor-element-443960f elementor-widget elementor-widget-text-editor\" data-id=\"443960f\" data-element_type=\"widget\" data-widget_type=\"text-editor.default\">\n\t\t\t\t<div class=\"elementor-widget-container\">\n\t\t\t\t\t\t\t<p>Les cours se d\u00e9rouleront en deux \u00e9tapes :<\/p><ol><li>Les cours seront envoy\u00e9s par mail<\/li><li>Les TD et TP se feront dans nos locaux<\/li><\/ol><p>Les examens se d\u00e9rouleront \u00e9galement en deux \u00e9tapes :<\/p><ol><li>Les contr\u00f4les Continus<\/li><li>Les examens de fin Semestre<\/li><\/ol><p><em>NB: Chaque \u00e9tudiant doit faire une synth\u00e8se de chaque cours qui lui sera envoy\u00e9. Cette synth\u00e8se constitue une note pour le contr\u00f4le continu<\/em>.<\/p>\t\t\t\t\t\t<\/div>\n\t\t\t\t<\/div>\n\t\t\t\t\t<\/div>\n\t\t<\/div>\n\t\t\t\t\t<\/div>\n\t\t<\/section>\n\t\t\t\t<section class=\"elementor-section elementor-top-section elementor-element elementor-element-12dec0a elementor-section-full_width elementor-section-height-default elementor-section-height-default\" data-id=\"12dec0a\" data-element_type=\"section\">\n\t\t\t\t\t\t<div class=\"elementor-container elementor-column-gap-no\">\n\t\t\t\t\t<div class=\"elementor-column elementor-col-100 elementor-top-column elementor-element elementor-element-2cc09cc\" data-id=\"2cc09cc\" data-element_type=\"column\">\n\t\t\t<div class=\"elementor-widget-wrap elementor-element-populated\">\n\t\t\t\t\t\t<div class=\"elementor-element elementor-element-067d6a1 elementor-widget elementor-widget-heading\" data-id=\"067d6a1\" data-element_type=\"widget\" data-widget_type=\"heading.default\">\n\t\t\t\t<div class=\"elementor-widget-container\">\n\t\t\t<h2 class=\"elementor-heading-title elementor-size-default\">Offre scolarit\u00e9<\/h2>\t\t<\/div>\n\t\t\t\t<\/div>\n\t\t\t\t<div class=\"elementor-element elementor-element-d2343a3 elementor-widget elementor-widget-text-editor\" data-id=\"d2343a3\" data-element_type=\"widget\" data-widget_type=\"text-editor.default\">\n\t\t\t\t<div class=\"elementor-widget-container\">\n\t\t\t\t\t\t\t<p>2023 \/ 2024<\/p><ul><li>Inscriptions gratuites au 10 premiers inscrits<\/li><li>-50% pour les 10 &#8211; 20 premiers inscrits<\/li><li>-10%\/mois pour les groupes de 5<\/li><\/ul>\t\t\t\t\t\t<\/div>\n\t\t\t\t<\/div>\n\t\t\t\t\t<\/div>\n\t\t<\/div>\n\t\t\t\t\t<\/div>\n\t\t<\/section>\n\t\t\t\t<section class=\"elementor-section elementor-top-section elementor-element elementor-element-8af5c7d elementor-section-full_width elementor-section-height-default elementor-section-height-default\" data-id=\"8af5c7d\" data-element_type=\"section\" data-settings=\"{&quot;background_background&quot;:&quot;classic&quot;}\">\n\t\t\t\t\t\t<div class=\"elementor-container elementor-column-gap-no\">\n\t\t\t\t\t<div class=\"elementor-column elementor-col-100 elementor-top-column elementor-element elementor-element-215dec92\" data-id=\"215dec92\" data-element_type=\"column\">\n\t\t\t<div class=\"elementor-widget-wrap elementor-element-populated\">\n\t\t\t\t\t\t<div class=\"elementor-element elementor-element-26a80afc elementor-widget elementor-widget-text-editor\" data-id=\"26a80afc\" data-element_type=\"widget\" data-widget_type=\"text-editor.default\">\n\t\t\t\t<div class=\"elementor-widget-container\">\n\t\t\t\t\t\t\t\u00a9 2024 esig-djibouti.com \u2013 By Team AltraVia \u2013 TOUS DROITS R\u00c9SERV\u00c9S\t\t\t\t\t\t<\/div>\n\t\t\t\t<\/div>\n\t\t\t\t\t<\/div>\n\t\t<\/div>\n\t\t\t\t\t<\/div>\n\t\t<\/section>\n\t\t\t\t<\/div>\n\t\t","protected":false},"excerpt":{"rendered":"<p>Admission Pr\u00e9parer son admission Rejoindre l&#8217;ESIG, c&#8217;est faire le choix d&#8217;un parcours qui s&#8217;appuie sur la personnalit\u00e9 et l&#8217;audace de chacun des \u00e9tudiants. \u2022 Pi\u00e8ce d&#8217;identit\u00e9\u2022 2 photos d&#8217;identit\u00e9s r\u00e9centes\u2022 Photocopies l\u00e9galis\u00e9es du dipl\u00f4me et relev\u00e9s des notes\u2022 Formulaire d&#8217;inscription remplie et sign\u00e9 (\u00e0 r\u00e9cup\u00e9rer au secr\u00e9tariat de l&#8217;\u00e9cole) Tout [&hellip;]<\/p>\n","protected":false},"author":1,"featured_media":0,"parent":11,"menu_order":1,"comment_status":"closed","ping_status":"closed","template":"elementor_header_footer","meta":{"footnotes":""},"class_list":["post-14","page","type-page","status-publish","hentry"],"_links":{"self":[{"href":"https:\/\/www.esig-djibouti.com\/index.php\/wp-json\/wp\/v2\/pages\/14","targetHints":{"allow":["GET"]}}],"collection":[{"href":"https:\/\/www.esig-djibouti.com\/index.php\/wp-json\/wp\/v2\/pages"}],"about":[{"href":"https:\/\/www.esig-djibouti.com\/index.php\/wp-json\/wp\/v2\/types\/page"}],"author":[{"embeddable":true,"href":"https:\/\/www.esig-djibouti.com\/index.php\/wp-json\/wp\/v2\/users\/1"}],"replies":[{"embeddable":true,"href":"https:\/\/www.esig-djibouti.com\/index.php\/wp-json\/wp\/v2\/comments?post=14"}],"version-history":[{"count":9,"href":"https:\/\/www.esig-djibouti.com\/index.php\/wp-json\/wp\/v2\/pages\/14\/revisions"}],"predecessor-version":[{"id":317,"href":"https:\/\/www.esig-djibouti.com\/index.php\/wp-json\/wp\/v2\/pages\/14\/revisions\/317"}],"up":[{"embeddable":true,"href":"https:\/\/www.esig-djibouti.com\/index.php\/wp-json\/wp\/v2\/pages\/11"}],"wp:attachment":[{"href":"https:\/\/www.esig-djibouti.com\/index.php\/wp-json\/wp\/v2\/media?parent=14"}],"curies":[{"name":"wp","href":"https:\/\/api.w.org\/{rel}","templated":true}]}}