{"id":29,"date":"2024-06-14T10:13:53","date_gmt":"2024-06-14T08:13:53","guid":{"rendered":"http:\/\/www.esig-djibouti.com\/?page_id=29"},"modified":"2024-06-14T14:09:19","modified_gmt":"2024-06-14T12:09:19","slug":"frais-de-scolarite","status":"publish","type":"page","link":"https:\/\/www.esig-djibouti.com\/index.php\/inscription\/frais-de-scolarite\/","title":{"rendered":"Frais de scolarit\u00e9"},"content":{"rendered":"\t\t<div data-elementor-type=\"wp-page\" data-elementor-id=\"29\" class=\"elementor elementor-29\">\n\t\t\t\t\t\t<section class=\"elementor-section elementor-top-section elementor-element elementor-element-17a9104 elementor-section-full_width elementor-section-height-min-height elementor-section-height-default elementor-section-items-middle\" data-id=\"17a9104\" data-element_type=\"section\" data-settings=\"{&quot;background_background&quot;:&quot;classic&quot;}\">\n\t\t\t\t\t\t<div class=\"elementor-container elementor-column-gap-no\">\n\t\t\t\t\t<div class=\"elementor-column elementor-col-100 elementor-top-column elementor-element elementor-element-bbe0f26\" data-id=\"bbe0f26\" data-element_type=\"column\">\n\t\t\t<div class=\"elementor-widget-wrap elementor-element-populated\">\n\t\t\t\t\t\t<div class=\"elementor-element elementor-element-433d611 elementor-widget elementor-widget-heading\" data-id=\"433d611\" data-element_type=\"widget\" data-widget_type=\"heading.default\">\n\t\t\t\t<div class=\"elementor-widget-container\">\n\t\t\t<style>\/*! elementor - v3.21.0 - 26-05-2024 *\/\n.elementor-heading-title{padding:0;margin:0;line-height:1}.elementor-widget-heading .elementor-heading-title[class*=elementor-size-]>a{color:inherit;font-size:inherit;line-height:inherit}.elementor-widget-heading .elementor-heading-title.elementor-size-small{font-size:15px}.elementor-widget-heading .elementor-heading-title.elementor-size-medium{font-size:19px}.elementor-widget-heading .elementor-heading-title.elementor-size-large{font-size:29px}.elementor-widget-heading .elementor-heading-title.elementor-size-xl{font-size:39px}.elementor-widget-heading .elementor-heading-title.elementor-size-xxl{font-size:59px}<\/style><h2 class=\"elementor-heading-title elementor-size-default\">Frais de scolarit\u00e9<\/h2>\t\t<\/div>\n\t\t\t\t<\/div>\n\t\t\t\t\t<\/div>\n\t\t<\/div>\n\t\t\t\t\t<\/div>\n\t\t<\/section>\n\t\t\t\t<section class=\"elementor-section elementor-top-section elementor-element elementor-element-417b2638 elementor-section-full_width elementor-section-height-default elementor-section-height-default\" data-id=\"417b2638\" data-element_type=\"section\">\n\t\t\t\t\t\t<div class=\"elementor-container elementor-column-gap-no\">\n\t\t\t\t\t<div class=\"elementor-column elementor-col-100 elementor-top-column elementor-element elementor-element-418d98c5\" data-id=\"418d98c5\" data-element_type=\"column\">\n\t\t\t<div class=\"elementor-widget-wrap elementor-element-populated\">\n\t\t\t\t\t\t<div class=\"elementor-element elementor-element-6cf3190a elementor-widget elementor-widget-text-editor\" data-id=\"6cf3190a\" data-element_type=\"widget\" data-widget_type=\"text-editor.default\">\n\t\t\t\t<div class=\"elementor-widget-container\">\n\t\t\t<style>\/*! elementor - v3.21.0 - 26-05-2024 *\/\n.elementor-widget-text-editor.elementor-drop-cap-view-stacked .elementor-drop-cap{background-color:#69727d;color:#fff}.elementor-widget-text-editor.elementor-drop-cap-view-framed .elementor-drop-cap{color:#69727d;border:3px solid;background-color:transparent}.elementor-widget-text-editor:not(.elementor-drop-cap-view-default) .elementor-drop-cap{margin-top:8px}.elementor-widget-text-editor:not(.elementor-drop-cap-view-default) .elementor-drop-cap-letter{width:1em;height:1em}.elementor-widget-text-editor .elementor-drop-cap{float:left;text-align:center;line-height:1;font-size:50px}.elementor-widget-text-editor .elementor-drop-cap-letter{display:inline-block}<\/style>\t\t\t\t<p>2023 \/ 2024<\/p><p>Frais de dossier<\/p><p>Les frais de scolarit\u00e9 sont revus annuellement. Le pack technique, incluant l\u2019acc\u00e8s \u00e0 plusieurs suites logicielles dont<br \/>Lorem et Lorem, est offert \u00e0 tous les \u00e9tudiants pour l\u2019ann\u00e9e 2023-2024.<\/p><p>T\u00e9l\u00e9charger la grille des tarifs<\/p><p>(1) Frais de scolarit\u00e9 2023\/24 pour une seule \u00e9ch\u00e9ance de r\u00e8glement le 15\/07.<br \/>(2) Frais de scolarit\u00e9 2023\/24 pour un r\u00e8glement en 3 \u00e9ch\u00e9ances \u00e9quivalentes les 15\/07, 15\/09 et 15\/11.<br \/>(3) Frais de scolarit\u00e9 2023\/24 pour un r\u00e8glement en 6 \u00e9ch\u00e9ances \u00e9quivalentes les 15\/07, 15\/09, 15\/10, 15\/11, 15\/12, 15\/01.<br \/>(4) Formation en alternance. Possibilit\u00e9 de faire sa scolarit\u00e9 en contrat d\u2019apprentissage (frais de scolarit\u00e9 pris en<br \/>charge par l\u2019entreprise).<br \/>(5) Les frais de dossier sont dus une seule fois lors de l\u2019inscription initiale \u00e0 l\u2019\u00e9cole.<\/p>\t\t\t\t\t\t<\/div>\n\t\t\t\t<\/div>\n\t\t\t\t\t<\/div>\n\t\t<\/div>\n\t\t\t\t\t<\/div>\n\t\t<\/section>\n\t\t\t\t<section class=\"elementor-section elementor-top-section elementor-element elementor-element-5e5ac177 elementor-section-full_width elementor-section-height-default elementor-section-height-default\" data-id=\"5e5ac177\" data-element_type=\"section\" data-settings=\"{&quot;background_background&quot;:&quot;classic&quot;}\">\n\t\t\t\t\t\t<div class=\"elementor-container elementor-column-gap-no\">\n\t\t\t\t\t<div class=\"elementor-column elementor-col-100 elementor-top-column elementor-element elementor-element-764d2ec5\" data-id=\"764d2ec5\" data-element_type=\"column\">\n\t\t\t<div class=\"elementor-widget-wrap elementor-element-populated\">\n\t\t\t\t\t\t<div class=\"elementor-element elementor-element-73d126df elementor-widget elementor-widget-text-editor\" data-id=\"73d126df\" data-element_type=\"widget\" data-widget_type=\"text-editor.default\">\n\t\t\t\t<div class=\"elementor-widget-container\">\n\t\t\t\t\t\t\t\u00a9 2024 esig-djibouti.com \u2013 By Team AltraVia \u2013 TOUS DROITS R\u00c9SERV\u00c9S\t\t\t\t\t\t<\/div>\n\t\t\t\t<\/div>\n\t\t\t\t\t<\/div>\n\t\t<\/div>\n\t\t\t\t\t<\/div>\n\t\t<\/section>\n\t\t\t\t<\/div>\n\t\t","protected":false},"excerpt":{"rendered":"<p>Frais de scolarit\u00e9 2023 \/ 2024 Frais de dossier Les frais de scolarit\u00e9 sont revus annuellement. Le pack technique, incluant l\u2019acc\u00e8s \u00e0 plusieurs suites logicielles dontLorem et Lorem, est offert \u00e0 tous les \u00e9tudiants pour l\u2019ann\u00e9e 2023-2024. T\u00e9l\u00e9charger la grille des tarifs (1) Frais de scolarit\u00e9 2023\/24 pour une seule [&hellip;]<\/p>\n","protected":false},"author":1,"featured_media":0,"parent":33,"menu_order":1,"comment_status":"closed","ping_status":"closed","template":"elementor_header_footer","meta":{"footnotes":""},"class_list":["post-29","page","type-page","status-publish","hentry"],"_links":{"self":[{"href":"https:\/\/www.esig-djibouti.com\/index.php\/wp-json\/wp\/v2\/pages\/29","targetHints":{"allow":["GET"]}}],"collection":[{"href":"https:\/\/www.esig-djibouti.com\/index.php\/wp-json\/wp\/v2\/pages"}],"about":[{"href":"https:\/\/www.esig-djibouti.com\/index.php\/wp-json\/wp\/v2\/types\/page"}],"author":[{"embeddable":true,"href":"https:\/\/www.esig-djibouti.com\/index.php\/wp-json\/wp\/v2\/users\/1"}],"replies":[{"embeddable":true,"href":"https:\/\/www.esig-djibouti.com\/index.php\/wp-json\/wp\/v2\/comments?post=29"}],"version-history":[{"count":14,"href":"https:\/\/www.esig-djibouti.com\/index.php\/wp-json\/wp\/v2\/pages\/29\/revisions"}],"predecessor-version":[{"id":326,"href":"https:\/\/www.esig-djibouti.com\/index.php\/wp-json\/wp\/v2\/pages\/29\/revisions\/326"}],"up":[{"embeddable":true,"href":"https:\/\/www.esig-djibouti.com\/index.php\/wp-json\/wp\/v2\/pages\/33"}],"wp:attachment":[{"href":"https:\/\/www.esig-djibouti.com\/index.php\/wp-json\/wp\/v2\/media?parent=29"}],"curies":[{"name":"wp","href":"https:\/\/api.w.org\/{rel}","templated":true}]}}